{"id":8,"date":"2023-07-07T00:45:24","date_gmt":"2023-07-07T00:45:24","guid":{"rendered":"https:\/\/dev.bild.mx\/alan_wp\/?page_id=8"},"modified":"2023-10-31T17:03:23","modified_gmt":"2023-10-31T23:03:23","slug":"home","status":"publish","type":"page","link":"https:\/\/alancervantes.com\/en\/","title":{"rendered":"Home"},"content":{"rendered":"","protected":false},"excerpt":{"rendered":"","protected":false},"author":1,"featured_media":0,"parent":0,"menu_order":0,"comment_status":"closed","ping_status":"closed","template":"","meta":[],"acf":[],"yoast_head":"<!-- This site is optimized with the Yoast SEO plugin v21.2 - https:\/\/yoast.com\/wordpress\/plugins\/seo\/ -->\n<title>Home - Alan Cervantes<\/title>\n<meta name=\"robots\" content=\"index, follow, max-snippet:-1, max-image-preview:large, max-video-preview:-1\" \/>\n<link rel=\"canonical\" href=\"https:\/\/alancervantes.com\/en\/\" \/>\n<meta property=\"og:locale\" content=\"en_US\" \/>\n<meta property=\"og:type\" content=\"article\" \/>\n<meta property=\"og:title\" content=\"Alan Cervantes - Wedding Photographer\" \/>\n<meta property=\"og:description\" content=\"Me gusta tomar fotograf\u00edas naturales y cargadas de emoci\u00f3n, para mi lo m\u00e1s importante es el momento esa parte de un segundo en el que ocurre algo especial que jam\u00e1s volver\u00e1 a ocurrir pero si se debe fotografiar.\" \/>\n<meta property=\"og:url\" content=\"https:\/\/alancervantes.com\/en\/\" \/>\n<meta property=\"og:site_name\" content=\"Alan Cervantes\" \/>\n<meta property=\"article:modified_time\" content=\"2023-10-31T23:03:23+00:00\" \/>\n<meta property=\"og:image\" content=\"https:\/\/alancervantes.com\/wp-content\/uploads\/2023\/09\/DSC9147-1-1.png\" \/>\n\t<meta property=\"og:image:width\" content=\"1000\" \/>\n\t<meta property=\"og:image:height\" content=\"1000\" \/>\n\t<meta property=\"og:image:type\" content=\"image\/png\" \/>\n<meta name=\"twitter:card\" content=\"summary_large_image\" \/>\n<script type=\"application\/ld+json\" class=\"yoast-schema-graph\">{\"@context\":\"https:\/\/schema.org\",\"@graph\":[{\"@type\":\"WebPage\",\"@id\":\"https:\/\/alancervantes.com\/\",\"url\":\"https:\/\/alancervantes.com\/\",\"name\":\"Home - Alan Cervantes\",\"isPartOf\":{\"@id\":\"https:\/\/alancervantes.com\/#website\"},\"datePublished\":\"2023-07-07T00:45:24+00:00\",\"dateModified\":\"2023-10-31T23:03:23+00:00\",\"breadcrumb\":{\"@id\":\"https:\/\/alancervantes.com\/#breadcrumb\"},\"inLanguage\":\"en-US\",\"potentialAction\":[{\"@type\":\"ReadAction\",\"target\":[\"https:\/\/alancervantes.com\/\"]}]},{\"@type\":\"BreadcrumbList\",\"@id\":\"https:\/\/alancervantes.com\/#breadcrumb\",\"itemListElement\":[{\"@type\":\"ListItem\",\"position\":1,\"name\":\"Home\",\"item\":\"https:\/\/alancervantes.com\/\"},{\"@type\":\"ListItem\",\"position\":2,\"name\":\"Home\"}]},{\"@type\":\"WebSite\",\"@id\":\"https:\/\/alancervantes.com\/#website\",\"url\":\"https:\/\/alancervantes.com\/\",\"name\":\"Alan Cervantes\",\"description\":\"\",\"publisher\":{\"@id\":\"https:\/\/alancervantes.com\/#\/schema\/person\/11e09631fb92bfabe5232984c98d9a03\"},\"potentialAction\":[{\"@type\":\"SearchAction\",\"target\":{\"@type\":\"EntryPoint\",\"urlTemplate\":\"https:\/\/alancervantes.com\/?s={search_term_string}\"},\"query-input\":\"required name=search_term_string\"}],\"inLanguage\":\"en-US\"},{\"@type\":[\"Person\",\"Organization\"],\"@id\":\"https:\/\/alancervantes.com\/#\/schema\/person\/11e09631fb92bfabe5232984c98d9a03\",\"name\":\"admin\",\"image\":{\"@type\":\"ImageObject\",\"inLanguage\":\"en-US\",\"@id\":\"https:\/\/alancervantes.com\/#\/schema\/person\/image\/\",\"url\":\"https:\/\/alancervantes.com\/wp-content\/uploads\/2023\/09\/DSC9147-1-1.jpg\",\"contentUrl\":\"https:\/\/alancervantes.com\/wp-content\/uploads\/2023\/09\/DSC9147-1-1.jpg\",\"width\":2000,\"height\":3006,\"caption\":\"admin\"},\"logo\":{\"@id\":\"https:\/\/alancervantes.com\/#\/schema\/person\/image\/\"},\"sameAs\":[\"https:\/\/dev.bild.mx\/alan_wp\"]}]}<\/script>\n<!-- \/ Yoast SEO plugin. -->","yoast_head_json":{"title":"Home - Alan Cervantes","robots":{"index":"index","follow":"follow","max-snippet":"max-snippet:-1","max-image-preview":"max-image-preview:large","max-video-preview":"max-video-preview:-1"},"canonical":"https:\/\/alancervantes.com\/en\/","og_locale":"en_US","og_type":"article","og_title":"Alan Cervantes - Wedding Photographer","og_description":"Me gusta tomar fotograf\u00edas naturales y cargadas de emoci\u00f3n, para mi lo m\u00e1s importante es el momento esa parte de un segundo en el que ocurre algo especial que jam\u00e1s volver\u00e1 a ocurrir pero si se debe fotografiar.","og_url":"https:\/\/alancervantes.com\/en\/","og_site_name":"Alan Cervantes","article_modified_time":"2023-10-31T23:03:23+00:00","og_image":[{"width":1000,"height":1000,"url":"https:\/\/alancervantes.com\/wp-content\/uploads\/2023\/09\/DSC9147-1-1.png","type":"image\/png"}],"twitter_card":"summary_large_image","schema":{"@context":"https:\/\/schema.org","@graph":[{"@type":"WebPage","@id":"https:\/\/alancervantes.com\/","url":"https:\/\/alancervantes.com\/","name":"Home - Alan Cervantes","isPartOf":{"@id":"https:\/\/alancervantes.com\/#website"},"datePublished":"2023-07-07T00:45:24+00:00","dateModified":"2023-10-31T23:03:23+00:00","breadcrumb":{"@id":"https:\/\/alancervantes.com\/#breadcrumb"},"inLanguage":"en-US","potentialAction":[{"@type":"ReadAction","target":["https:\/\/alancervantes.com\/"]}]},{"@type":"BreadcrumbList","@id":"https:\/\/alancervantes.com\/#breadcrumb","itemListElement":[{"@type":"ListItem","position":1,"name":"Home","item":"https:\/\/alancervantes.com\/"},{"@type":"ListItem","position":2,"name":"Home"}]},{"@type":"WebSite","@id":"https:\/\/alancervantes.com\/#website","url":"https:\/\/alancervantes.com\/","name":"Alan Cervantes","description":"","publisher":{"@id":"https:\/\/alancervantes.com\/#\/schema\/person\/11e09631fb92bfabe5232984c98d9a03"},"potentialAction":[{"@type":"SearchAction","target":{"@type":"EntryPoint","urlTemplate":"https:\/\/alancervantes.com\/?s={search_term_string}"},"query-input":"required name=search_term_string"}],"inLanguage":"en-US"},{"@type":["Person","Organization"],"@id":"https:\/\/alancervantes.com\/#\/schema\/person\/11e09631fb92bfabe5232984c98d9a03","name":"admin","image":{"@type":"ImageObject","inLanguage":"en-US","@id":"https:\/\/alancervantes.com\/#\/schema\/person\/image\/","url":"https:\/\/alancervantes.com\/wp-content\/uploads\/2023\/09\/DSC9147-1-1.jpg","contentUrl":"https:\/\/alancervantes.com\/wp-content\/uploads\/2023\/09\/DSC9147-1-1.jpg","width":2000,"height":3006,"caption":"admin"},"logo":{"@id":"https:\/\/alancervantes.com\/#\/schema\/person\/image\/"},"sameAs":["https:\/\/dev.bild.mx\/alan_wp"]}]}},"_links":{"self":[{"href":"https:\/\/alancervantes.com\/en\/wp-json\/wp\/v2\/pages\/8"}],"collection":[{"href":"https:\/\/alancervantes.com\/en\/wp-json\/wp\/v2\/pages"}],"about":[{"href":"https:\/\/alancervantes.com\/en\/wp-json\/wp\/v2\/types\/page"}],"author":[{"embeddable":true,"href":"https:\/\/alancervantes.com\/en\/wp-json\/wp\/v2\/users\/1"}],"replies":[{"embeddable":true,"href":"https:\/\/alancervantes.com\/en\/wp-json\/wp\/v2\/comments?post=8"}],"version-history":[{"count":78,"href":"https:\/\/alancervantes.com\/en\/wp-json\/wp\/v2\/pages\/8\/revisions"}],"predecessor-version":[{"id":1822,"href":"https:\/\/alancervantes.com\/en\/wp-json\/wp\/v2\/pages\/8\/revisions\/1822"}],"wp:attachment":[{"href":"https:\/\/alancervantes.com\/en\/wp-json\/wp\/v2\/media?parent=8"}],"curies":[{"name":"wp","href":"https:\/\/api.w.org\/{rel}","templated":true}]}}